{"id":2961,"date":"2026-04-27T16:38:57","date_gmt":"2026-04-27T16:38:57","guid":{"rendered":"https:\/\/www.ciee.unlp.edu.ar\/?page_id=2961"},"modified":"2026-04-27T17:02:41","modified_gmt":"2026-04-27T17:02:41","slug":"mira","status":"publish","type":"page","link":"https:\/\/www.ciee.unlp.edu.ar\/?page_id=2961","title":{"rendered":"MIRA"},"content":{"rendered":"\t\t<div data-elementor-type=\"wp-page\" data-elementor-id=\"2961\" class=\"elementor elementor-2961\" data-elementor-post-type=\"page\">\n\t\t\t\t\t\t<section class=\"elementor-section elementor-top-section elementor-element elementor-element-a3e4483 elementor-section-boxed elementor-section-height-default elementor-section-height-default\" data-id=\"a3e4483\" data-element_type=\"section\" data-e-type=\"section\">\n\t\t\t\t\t\t<div class=\"elementor-container elementor-column-gap-default\">\n\t\t\t\t\t<div class=\"elementor-column elementor-col-100 elementor-top-column elementor-element elementor-element-843a07e\" data-id=\"843a07e\" data-element_type=\"column\" data-e-type=\"column\">\n\t\t\t<div class=\"elementor-widget-wrap elementor-element-populated\">\n\t\t\t\t\t\t<div class=\"elementor-element elementor-element-d079c29 elementor-widget elementor-widget-spacer\" data-id=\"d079c29\" data-element_type=\"widget\" data-e-type=\"widget\" data-widget_type=\"spacer.default\">\n\t\t\t\t<div class=\"elementor-widget-container\">\n\t\t\t\t\t\t\t<div class=\"elementor-spacer\">\n\t\t\t<div class=\"elementor-spacer-inner\"><\/div>\n\t\t<\/div>\n\t\t\t\t\t\t<\/div>\n\t\t\t\t<\/div>\n\t\t\t\t\t<\/div>\n\t\t<\/div>\n\t\t\t\t\t<\/div>\n\t\t<\/section>\n\t\t\t\t<section class=\"elementor-section elementor-top-section elementor-element elementor-element-01bd11f elementor-section-boxed elementor-section-height-default elementor-section-height-default\" data-id=\"01bd11f\" data-element_type=\"section\" data-e-type=\"section\">\n\t\t\t\t\t\t<div class=\"elementor-container elementor-column-gap-default\">\n\t\t\t\t\t<div class=\"elementor-column elementor-col-100 elementor-top-column elementor-element elementor-element-e4b95f9\" data-id=\"e4b95f9\" data-element_type=\"column\" data-e-type=\"column\">\n\t\t\t<div class=\"elementor-widget-wrap elementor-element-populated\">\n\t\t\t\t\t\t<div class=\"elementor-element elementor-element-ab91f86 elementor-widget elementor-widget-image\" data-id=\"ab91f86\" data-element_type=\"widget\" data-e-type=\"widget\" data-widget_type=\"image.default\">\n\t\t\t\t<div class=\"elementor-widget-container\">\n\t\t\t\t\t\t\t\t\t\t\t\t\t\t\t<img fetchpriority=\"high\" decoding=\"async\" width=\"300\" height=\"300\" src=\"https:\/\/www.ciee.unlp.edu.ar\/wp-content\/uploads\/sites\/47\/2026\/04\/logo_principal-300x300.png\" class=\"attachment-medium size-medium wp-image-2984\" alt=\"\" srcset=\"https:\/\/www.ciee.unlp.edu.ar\/wp-content\/uploads\/sites\/47\/2026\/04\/logo_principal-300x300.png 300w, https:\/\/www.ciee.unlp.edu.ar\/wp-content\/uploads\/sites\/47\/2026\/04\/logo_principal-1024x1024.png 1024w, https:\/\/www.ciee.unlp.edu.ar\/wp-content\/uploads\/sites\/47\/2026\/04\/logo_principal-150x150.png 150w, https:\/\/www.ciee.unlp.edu.ar\/wp-content\/uploads\/sites\/47\/2026\/04\/logo_principal-768x768.png 768w, https:\/\/www.ciee.unlp.edu.ar\/wp-content\/uploads\/sites\/47\/2026\/04\/logo_principal-1536x1536.png 1536w, https:\/\/www.ciee.unlp.edu.ar\/wp-content\/uploads\/sites\/47\/2026\/04\/logo_principal-600x600.png 600w, https:\/\/www.ciee.unlp.edu.ar\/wp-content\/uploads\/sites\/47\/2026\/04\/logo_principal.png 2034w\" sizes=\"(max-width: 300px) 100vw, 300px\" \/>\t\t\t\t\t\t\t\t\t\t\t\t\t\t\t<\/div>\n\t\t\t\t<\/div>\n\t\t\t\t<div class=\"elementor-element elementor-element-7ea39bb elementor-widget elementor-widget-spacer\" data-id=\"7ea39bb\" data-element_type=\"widget\" data-e-type=\"widget\" data-widget_type=\"spacer.default\">\n\t\t\t\t<div class=\"elementor-widget-container\">\n\t\t\t\t\t\t\t<div class=\"elementor-spacer\">\n\t\t\t<div class=\"elementor-spacer-inner\"><\/div>\n\t\t<\/div>\n\t\t\t\t\t\t<\/div>\n\t\t\t\t<\/div>\n\t\t\t\t<div class=\"elementor-element elementor-element-ab0d38a elementor-widget elementor-widget-heading\" data-id=\"ab0d38a\" data-element_type=\"widget\" data-e-type=\"widget\" data-widget_type=\"heading.default\">\n\t\t\t\t<div class=\"elementor-widget-container\">\n\t\t\t\t\t<h2 class=\"elementor-heading-title elementor-size-default\">Sobre el Proyecto MIRA:<\/h2>\t\t\t\t<\/div>\n\t\t\t\t<\/div>\n\t\t\t\t<div class=\"elementor-element elementor-element-a77723a elementor-widget elementor-widget-text-editor\" data-id=\"a77723a\" data-element_type=\"widget\" data-e-type=\"widget\" data-widget_type=\"text-editor.default\">\n\t\t\t\t<div class=\"elementor-widget-container\">\n\t\t\t\t\t\t\t\t\t<p>MIRA (Monitoreo de Impactos y Reingreso Atmosf\u00e9rico) es un proyecto del Centro Interdisciplinario de Estudios Espaciales (CIEE), orientado a recopilar, analizar, modelar y comunicar informaci\u00f3n sobre objetos en \u00f3rbita terrestre y los riesgos asociados al reingreso no controlado de basura espacial en Am\u00e9rica Latina.<\/p><p>El proyecto integra datos abiertos de m\u00faltiples fuentes, desarrolla modelado t\u00e9cnico propio y elabora propuestas de pol\u00edtica p\u00fablica, con un foco especial en los posibles impactos sobre el territorio, las poblaciones, las infraestructuras cr\u00edticas, la atm\u00f3sfera y el ambiente. MIRA busca transformar informaci\u00f3n dispersa en alertas tempranas, evidencia \u00fatil y capacidad real de toma de decisiones.<\/p><p data-i18n=\"acerca_lead2\"><strong>Accede a MIRA desde ac\u00e1: <span style=\"color: #fb6213\"><a style=\"color: #fb6213\" href=\"http:\/\/www.ciee.unlp.edu.ar\/mira\">www.ciee.unlp.edu.ar\/mira<\/a><\/span><\/strong><\/p><p data-i18n=\"acerca_lead2\"><strong>Objetivos<\/strong><\/p>\t\t\t\t\t\t\t\t<\/div>\n\t\t\t\t<\/div>\n\t\t\t\t<div class=\"elementor-element elementor-element-543bbf8 elementor-widget elementor-widget-image\" data-id=\"543bbf8\" data-element_type=\"widget\" data-e-type=\"widget\" data-widget_type=\"image.default\">\n\t\t\t\t<div class=\"elementor-widget-container\">\n\t\t\t\t\t\t\t\t\t\t\t\t\t\t\t<img decoding=\"async\" width=\"1024\" height=\"412\" src=\"https:\/\/www.ciee.unlp.edu.ar\/wp-content\/uploads\/sites\/47\/2026\/04\/Objetivos-1-1024x412.png\" class=\"attachment-large size-large wp-image-2966\" alt=\"\" srcset=\"https:\/\/www.ciee.unlp.edu.ar\/wp-content\/uploads\/sites\/47\/2026\/04\/Objetivos-1-1024x412.png 1024w, https:\/\/www.ciee.unlp.edu.ar\/wp-content\/uploads\/sites\/47\/2026\/04\/Objetivos-1-300x121.png 300w, https:\/\/www.ciee.unlp.edu.ar\/wp-content\/uploads\/sites\/47\/2026\/04\/Objetivos-1-768x309.png 768w, https:\/\/www.ciee.unlp.edu.ar\/wp-content\/uploads\/sites\/47\/2026\/04\/Objetivos-1.png 1053w\" sizes=\"(max-width: 1024px) 100vw, 1024px\" \/>\t\t\t\t\t\t\t\t\t\t\t\t\t\t\t<\/div>\n\t\t\t\t<\/div>\n\t\t\t\t<div class=\"elementor-element elementor-element-bb8ebdb elementor-widget elementor-widget-spacer\" data-id=\"bb8ebdb\" data-element_type=\"widget\" data-e-type=\"widget\" data-widget_type=\"spacer.default\">\n\t\t\t\t<div class=\"elementor-widget-container\">\n\t\t\t\t\t\t\t<div class=\"elementor-spacer\">\n\t\t\t<div class=\"elementor-spacer-inner\"><\/div>\n\t\t<\/div>\n\t\t\t\t\t\t<\/div>\n\t\t\t\t<\/div>\n\t\t\t\t\t<\/div>\n\t\t<\/div>\n\t\t\t\t\t<\/div>\n\t\t<\/section>\n\t\t\t\t<\/div>\n\t\t","protected":false},"excerpt":{"rendered":"<p>Sobre el Proyecto MIRA: MIRA (Monitoreo de Impactos y Reingreso Atmosf\u00e9rico) es un proyecto del Centro Interdisciplinario de Estudios Espaciales (CIEE), orientado a recopilar, analizar, modelar y comunicar informaci\u00f3n sobre objetos en \u00f3rbita terrestre y los riesgos asociados al reingreso no controlado de basura espacial en Am\u00e9rica Latina. El proyecto integra datos abiertos de m\u00faltiples [&hellip;]<\/p>\n","protected":false},"author":193,"featured_media":0,"parent":0,"menu_order":0,"comment_status":"closed","ping_status":"closed","template":"","meta":{"footnotes":""},"class_list":["post-2961","page","type-page","status-publish","hentry","entry"],"aioseo_notices":[],"_links":{"self":[{"href":"https:\/\/www.ciee.unlp.edu.ar\/index.php?rest_route=\/wp\/v2\/pages\/2961","targetHints":{"allow":["GET"]}}],"collection":[{"href":"https:\/\/www.ciee.unlp.edu.ar\/index.php?rest_route=\/wp\/v2\/pages"}],"about":[{"href":"https:\/\/www.ciee.unlp.edu.ar\/index.php?rest_route=\/wp\/v2\/types\/page"}],"author":[{"embeddable":true,"href":"https:\/\/www.ciee.unlp.edu.ar\/index.php?rest_route=\/wp\/v2\/users\/193"}],"replies":[{"embeddable":true,"href":"https:\/\/www.ciee.unlp.edu.ar\/index.php?rest_route=%2Fwp%2Fv2%2Fcomments&post=2961"}],"version-history":[{"count":13,"href":"https:\/\/www.ciee.unlp.edu.ar\/index.php?rest_route=\/wp\/v2\/pages\/2961\/revisions"}],"predecessor-version":[{"id":2997,"href":"https:\/\/www.ciee.unlp.edu.ar\/index.php?rest_route=\/wp\/v2\/pages\/2961\/revisions\/2997"}],"wp:attachment":[{"href":"https:\/\/www.ciee.unlp.edu.ar\/index.php?rest_route=%2Fwp%2Fv2%2Fmedia&parent=2961"}],"curies":[{"name":"wp","href":"https:\/\/api.w.org\/{rel}","templated":true}]}}