{"id":53,"date":"2023-04-10T12:18:11","date_gmt":"2023-04-10T12:18:11","guid":{"rendered":"http:\/\/ciee.uids.testing.sedici.unlp.edu.ar\/?page_id=53"},"modified":"2023-09-25T13:00:27","modified_gmt":"2023-09-25T13:00:27","slug":"institucional","status":"publish","type":"page","link":"https:\/\/www.ciee.unlp.edu.ar\/?page_id=53","title":{"rendered":"Institucional"},"content":{"rendered":"\t\t<div data-elementor-type=\"wp-page\" data-elementor-id=\"53\" class=\"elementor elementor-53\" data-elementor-post-type=\"page\">\n\t\t\t\t\t\t<section class=\"elementor-section elementor-top-section elementor-element elementor-element-96dad5b elementor-section-height-min-height elementor-section-stretched elementor-section-boxed elementor-section-height-default elementor-section-items-middle\" data-id=\"96dad5b\" data-element_type=\"section\" data-e-type=\"section\" data-settings=\"{&quot;stretch_section&quot;:&quot;section-stretched&quot;,&quot;background_background&quot;:&quot;classic&quot;}\">\n\t\t\t\t\t\t<div class=\"elementor-container elementor-column-gap-wider\">\n\t\t\t\t\t<div class=\"elementor-column elementor-col-50 elementor-top-column elementor-element elementor-element-c13544c\" data-id=\"c13544c\" data-element_type=\"column\" data-e-type=\"column\">\n\t\t\t<div class=\"elementor-widget-wrap elementor-element-populated\">\n\t\t\t\t\t\t<div class=\"elementor-element elementor-element-ee114de elementor-view-default elementor-widget elementor-widget-icon\" data-id=\"ee114de\" data-element_type=\"widget\" data-e-type=\"widget\" data-widget_type=\"icon.default\">\n\t\t\t\t<div class=\"elementor-widget-container\">\n\t\t\t\t\t\t\t<div class=\"elementor-icon-wrapper\">\n\t\t\t<div class=\"elementor-icon\">\n\t\t\t<i aria-hidden=\"true\" class=\"fas fa-satellite-dish\"><\/i>\t\t\t<\/div>\n\t\t<\/div>\n\t\t\t\t\t\t<\/div>\n\t\t\t\t<\/div>\n\t\t\t\t<div class=\"elementor-element elementor-element-94d718a elementor-widget elementor-widget-heading\" data-id=\"94d718a\" data-element_type=\"widget\" data-e-type=\"widget\" data-widget_type=\"heading.default\">\n\t\t\t\t<div class=\"elementor-widget-container\">\n\t\t\t\t\t<h2 class=\"elementor-heading-title elementor-size-default\">Centro\nInterdisciplinario\nde Estudios\nEspaciales<\/h2>\t\t\t\t<\/div>\n\t\t\t\t<\/div>\n\t\t\t\t\t<\/div>\n\t\t<\/div>\n\t\t\t\t<div class=\"elementor-column elementor-col-50 elementor-top-column elementor-element elementor-element-e5adbb2\" data-id=\"e5adbb2\" data-element_type=\"column\" data-e-type=\"column\">\n\t\t\t<div class=\"elementor-widget-wrap elementor-element-populated\">\n\t\t\t\t\t\t<div class=\"elementor-element elementor-element-e5590fe elementor-widget__width-initial elementor-widget elementor-widget-text-editor\" data-id=\"e5590fe\" data-element_type=\"widget\" data-e-type=\"widget\" data-widget_type=\"text-editor.default\">\n\t\t\t\t<div class=\"elementor-widget-container\">\n\t\t\t\t\t\t\t\t\t<p>El CIEE es un centro interdisciplinario orientado<br \/>a la promoci\u00f3n y ejecuci\u00f3n de tareas de investigaci\u00f3n cient\u00edfica y a la formaci\u00f3n<br \/>de recursos humanos vinculados al derecho, la pol\u00edtica y la econom\u00eda espaciales, entre otras.<\/p>\t\t\t\t\t\t\t\t<\/div>\n\t\t\t\t<\/div>\n\t\t\t\t\t<\/div>\n\t\t<\/div>\n\t\t\t\t\t<\/div>\n\t\t<\/section>\n\t\t\t\t<section class=\"elementor-section elementor-top-section elementor-element elementor-element-451d212 elementor-section-full_width elementor-section-height-default elementor-section-height-default\" data-id=\"451d212\" data-element_type=\"section\" data-e-type=\"section\">\n\t\t\t\t\t\t<div class=\"elementor-container elementor-column-gap-default\">\n\t\t\t\t\t<div class=\"elementor-column elementor-col-100 elementor-top-column elementor-element elementor-element-98691a3\" data-id=\"98691a3\" data-element_type=\"column\" data-e-type=\"column\">\n\t\t\t<div class=\"elementor-widget-wrap elementor-element-populated\">\n\t\t\t\t\t\t<div class=\"elementor-element elementor-element-333a47f elementor-widget elementor-widget-spacer\" data-id=\"333a47f\" data-element_type=\"widget\" data-e-type=\"widget\" data-widget_type=\"spacer.default\">\n\t\t\t\t<div class=\"elementor-widget-container\">\n\t\t\t\t\t\t\t<div class=\"elementor-spacer\">\n\t\t\t<div class=\"elementor-spacer-inner\"><\/div>\n\t\t<\/div>\n\t\t\t\t\t\t<\/div>\n\t\t\t\t<\/div>\n\t\t\t\t\t<\/div>\n\t\t<\/div>\n\t\t\t\t\t<\/div>\n\t\t<\/section>\n\t\t\t\t<section class=\"elementor-section elementor-top-section elementor-element elementor-element-40f2be1 elementor-section-boxed elementor-section-height-default elementor-section-height-default\" data-id=\"40f2be1\" data-element_type=\"section\" data-e-type=\"section\">\n\t\t\t\t\t\t<div class=\"elementor-container elementor-column-gap-default\">\n\t\t\t\t\t<div class=\"elementor-column elementor-col-100 elementor-top-column elementor-element elementor-element-3b7c281\" data-id=\"3b7c281\" data-element_type=\"column\" data-e-type=\"column\">\n\t\t\t<div class=\"elementor-widget-wrap elementor-element-populated\">\n\t\t\t\t\t\t<div class=\"elementor-element elementor-element-0c33df6 elementor-widget elementor-widget-eael-adv-tabs\" data-id=\"0c33df6\" data-element_type=\"widget\" data-e-type=\"widget\" data-widget_type=\"eael-adv-tabs.default\">\n\t\t\t\t<div class=\"elementor-widget-container\">\n\t\t\t\t\t        <div data-scroll-on-click=\"no\" data-scroll-speed=\"300\" id=\"eael-advance-tabs-0c33df6\" class=\"eael-advance-tabs eael-tabs-vertical eael-tab-auto-active \" data-tabid=\"0c33df6\">\n            <div class=\"eael-tabs-nav \">\n                <ul class=\"\" role=\"tablist\">\n                                            <li id=\"para-qu\" class=\" eael-tab-item-trigger eael-tab-nav-item\" aria-selected=\"true\" data-tab=\"1\" role=\"tab\" tabindex=\"0\" aria-controls=\"para-qu-tab\" aria-expanded=\"false\">\n                            \n                            \n                            \n                                                            <span class=\"eael-tab-title title-after-icon\" >Para qu\u00e9<\/span>                                                    <\/li>\n                                            <li id=\"por-qu\" class=\"inactive eael-tab-item-trigger eael-tab-nav-item\" aria-selected=\"false\" data-tab=\"2\" role=\"tab\" tabindex=\"-1\" aria-controls=\"por-qu-tab\" aria-expanded=\"false\">\n                            \n                            \n                            \n                                                            <span class=\"eael-tab-title title-after-icon\" >Por qu\u00e9<\/span>                                                    <\/li>\n                    \n                                  <\/ul>\n            <\/div>\n            \n            <div class=\"eael-tabs-content\">\n\t\t        \n                    <div id=\"para-qu-tab\" class=\"clearfix eael-tab-content-item \" data-title-link=\"para-qu-tab\">\n\t\t\t\t        <p class=\"normal-text\">Generar un \u00e1mbito de formaci\u00f3n, debate y reflexi\u00f3n sobre las actividades espaciales, mediante la organizaci\u00f3n de conferencias, seminarios, cursos y todas otras instancias de capacitaci\u00f3n.<\/p><hr class=\"separador\" \/><p class=\"normal-text\">Promover investigaciones cient\u00edficas interdisciplinarias que contribuyan al avance del conocimiento en la tem\u00e1tica.<\/p><hr class=\"separador\" \/><p id=\"special-text\">Monitorear las tendencias globales y los desarrollos legislativos nacionales e internacionales en materia espacial.<\/p><hr class=\"separador\" \/><p class=\"normal-text\">Brindar asistencia t\u00e9cnica a organismos gubernamentales y no gubernamentales, en la formulaci\u00f3n de pol\u00edticas p\u00fablicas en temas prioritarios para la agenda\u00a0 espacial de nuestro pa\u00eds y de la regi\u00f3n.<\/p><hr class=\"separador\" \/><p class=\"normal-text\">Favorecer la integraci\u00f3n entre el sector p\u00fablico, las empresas y las instituciones acad\u00e9micas para la transferencia de conocimientos, la investigaci\u00f3n y\/o la asistencia t\u00e9cnica.<\/p>                    <\/div>\n\t\t        \n                    <div id=\"por-qu-tab\" class=\"clearfix eael-tab-content-item inactive\" data-title-link=\"por-qu-tab\">\n\t\t\t\t        <p class=\"normal-text\">El desarrollo de la industria espacial representa una valiosa oportunidad para la comercializaci\u00f3n internacional de productos de alto valor agregado y la\u00a0 generaci\u00f3n de divisas, lo que requiere de an\u00e1lisis jur\u00eddicos de normativas tanto locales como internacionales.<\/p><hr class=\"separador\" \/><p class=\"normal-text\">Existe un nuevo contexto internacional donde surgen nuevos actores vinculados a las actividades espaciales que deben ser contemplados.<\/p><hr class=\"separador\" \/><p id=\"special-text\">Implementar lo dispuesto en el Plan Nacional Espacial sobre capacidades en Derecho Espacial.<\/p><hr class=\"separador\" \/><p class=\"normal-text\">La necesidad de crear capacidades nacionales respecto del derecho y las pol\u00edticas espaciales fue reconocida en la Tercera Conferencia UNISPACE III de las Naciones Unidas.<\/p>                    <\/div>\n\t\t                    <\/div>\n        <\/div>\n\t\t\t\t<\/div>\n\t\t\t\t<\/div>\n\t\t\t\t\t<\/div>\n\t\t<\/div>\n\t\t\t\t\t<\/div>\n\t\t<\/section>\n\t\t\t\t<section class=\"elementor-section elementor-top-section elementor-element elementor-element-37533c8 elementor-section-full_width elementor-section-height-default elementor-section-height-default\" data-id=\"37533c8\" data-element_type=\"section\" data-e-type=\"section\">\n\t\t\t\t\t\t<div class=\"elementor-container elementor-column-gap-default\">\n\t\t\t\t\t<div class=\"elementor-column elementor-col-100 elementor-top-column elementor-element elementor-element-ea0640c\" data-id=\"ea0640c\" data-element_type=\"column\" data-e-type=\"column\">\n\t\t\t<div class=\"elementor-widget-wrap elementor-element-populated\">\n\t\t\t\t\t\t<div class=\"elementor-element elementor-element-6fdc1f4 elementor-widget elementor-widget-spacer\" data-id=\"6fdc1f4\" data-element_type=\"widget\" data-e-type=\"widget\" data-widget_type=\"spacer.default\">\n\t\t\t\t<div class=\"elementor-widget-container\">\n\t\t\t\t\t\t\t<div class=\"elementor-spacer\">\n\t\t\t<div class=\"elementor-spacer-inner\"><\/div>\n\t\t<\/div>\n\t\t\t\t\t\t<\/div>\n\t\t\t\t<\/div>\n\t\t\t\t\t<\/div>\n\t\t<\/div>\n\t\t\t\t\t<\/div>\n\t\t<\/section>\n\t\t\t\t<\/div>\n\t\t","protected":false},"excerpt":{"rendered":"<p>\/*! elementor &#8211; v3.16.0 &#8211; 20-09-2023 *\/ .elementor-heading-title{padding:0;margin:0;line-height:1}.elementor-widget-heading .elementor-heading-title[class*=elementor-size-]&gt;a{color:inherit;font-size:inherit;line-height:inherit}.elementor-widget-heading .elementor-heading-title.elementor-size-small{font-size:15px}.elementor-widget-heading .elementor-heading-title.elementor-size-medium{font-size:19px}.elementor-widget-heading .elementor-heading-title.elementor-size-large{font-size:29px}.elementor-widget-heading .elementor-heading-title.elementor-size-xl{font-size:39px}.elementor-widget-heading .elementor-heading-title.elementor-size-xxl{font-size:59px} Centro Interdisciplinario de Estudios Espaciales El CIEE es un centro interdisciplinario orientadoa la promoci\u00f3n y ejecuci\u00f3n de tareas de investigaci\u00f3n cient\u00edfica y a la formaci\u00f3nde recursos humanos vinculados al derecho, la pol\u00edtica y la econom\u00eda espaciales, entre otras. \/*! elementor &#8211; [&hellip;]<\/p>\n","protected":false},"author":125,"featured_media":0,"parent":0,"menu_order":0,"comment_status":"closed","ping_status":"closed","template":"","meta":{"footnotes":""},"class_list":["post-53","page","type-page","status-publish","hentry","entry"],"aioseo_notices":[],"_links":{"self":[{"href":"https:\/\/www.ciee.unlp.edu.ar\/index.php?rest_route=\/wp\/v2\/pages\/53","targetHints":{"allow":["GET"]}}],"collection":[{"href":"https:\/\/www.ciee.unlp.edu.ar\/index.php?rest_route=\/wp\/v2\/pages"}],"about":[{"href":"https:\/\/www.ciee.unlp.edu.ar\/index.php?rest_route=\/wp\/v2\/types\/page"}],"author":[{"embeddable":true,"href":"https:\/\/www.ciee.unlp.edu.ar\/index.php?rest_route=\/wp\/v2\/users\/125"}],"replies":[{"embeddable":true,"href":"https:\/\/www.ciee.unlp.edu.ar\/index.php?rest_route=%2Fwp%2Fv2%2Fcomments&post=53"}],"version-history":[{"count":309,"href":"https:\/\/www.ciee.unlp.edu.ar\/index.php?rest_route=\/wp\/v2\/pages\/53\/revisions"}],"predecessor-version":[{"id":2356,"href":"https:\/\/www.ciee.unlp.edu.ar\/index.php?rest_route=\/wp\/v2\/pages\/53\/revisions\/2356"}],"wp:attachment":[{"href":"https:\/\/www.ciee.unlp.edu.ar\/index.php?rest_route=%2Fwp%2Fv2%2Fmedia&parent=53"}],"curies":[{"name":"wp","href":"https:\/\/api.w.org\/{rel}","templated":true}]}}