{"id":57,"date":"2023-04-10T12:19:06","date_gmt":"2023-04-10T12:19:06","guid":{"rendered":"http:\/\/ciee.uids.testing.sedici.unlp.edu.ar\/?page_id=57"},"modified":"2023-09-14T15:23:51","modified_gmt":"2023-09-14T15:23:51","slug":"autoridades","status":"publish","type":"page","link":"https:\/\/www.ciee.unlp.edu.ar\/?page_id=57","title":{"rendered":"Autoridades"},"content":{"rendered":"\t\t<div data-elementor-type=\"wp-page\" data-elementor-id=\"57\" class=\"elementor elementor-57\" data-elementor-post-type=\"page\">\n\t\t\t\t\t\t<section class=\"elementor-section elementor-top-section elementor-element elementor-element-781618b elementor-section-boxed elementor-section-height-default elementor-section-height-default\" data-id=\"781618b\" data-element_type=\"section\" data-e-type=\"section\">\n\t\t\t\t\t\t<div class=\"elementor-container elementor-column-gap-default\">\n\t\t\t\t\t<div class=\"elementor-column elementor-col-50 elementor-top-column elementor-element elementor-element-d457fa3\" data-id=\"d457fa3\" data-element_type=\"column\" data-e-type=\"column\">\n\t\t\t<div class=\"elementor-widget-wrap elementor-element-populated\">\n\t\t\t\t\t\t<div class=\"elementor-element elementor-element-1851dc9 elementor-widget elementor-widget-image\" data-id=\"1851dc9\" data-element_type=\"widget\" data-e-type=\"widget\" data-widget_type=\"image.default\">\n\t\t\t\t<div class=\"elementor-widget-container\">\n\t\t\t\t\t\t\t\t\t\t\t\t\t\t\t<img fetchpriority=\"high\" decoding=\"async\" width=\"2048\" height=\"2048\" src=\"https:\/\/www.ciee.unlp.edu.ar\/wp-content\/uploads\/sites\/47\/2023\/09\/IMG_-7o7o46-2048x2048.jpg\" class=\"attachment-2048x2048 size-2048x2048 wp-image-1964\" alt=\"\" srcset=\"https:\/\/www.ciee.unlp.edu.ar\/wp-content\/uploads\/sites\/47\/2023\/09\/IMG_-7o7o46-2048x2048.jpg 2048w, https:\/\/www.ciee.unlp.edu.ar\/wp-content\/uploads\/sites\/47\/2023\/09\/IMG_-7o7o46-300x300.jpg 300w, https:\/\/www.ciee.unlp.edu.ar\/wp-content\/uploads\/sites\/47\/2023\/09\/IMG_-7o7o46-1024x1024.jpg 1024w, https:\/\/www.ciee.unlp.edu.ar\/wp-content\/uploads\/sites\/47\/2023\/09\/IMG_-7o7o46-150x150.jpg 150w, https:\/\/www.ciee.unlp.edu.ar\/wp-content\/uploads\/sites\/47\/2023\/09\/IMG_-7o7o46-768x768.jpg 768w, https:\/\/www.ciee.unlp.edu.ar\/wp-content\/uploads\/sites\/47\/2023\/09\/IMG_-7o7o46-1536x1536.jpg 1536w, https:\/\/www.ciee.unlp.edu.ar\/wp-content\/uploads\/sites\/47\/2023\/09\/IMG_-7o7o46-600x600.jpg 600w\" sizes=\"(max-width: 2048px) 100vw, 2048px\" \/>\t\t\t\t\t\t\t\t\t\t\t\t\t\t\t<\/div>\n\t\t\t\t<\/div>\n\t\t\t\t\t<\/div>\n\t\t<\/div>\n\t\t\t\t<div class=\"elementor-column elementor-col-50 elementor-top-column elementor-element elementor-element-3d1d74f\" data-id=\"3d1d74f\" data-element_type=\"column\" data-e-type=\"column\">\n\t\t\t<div class=\"elementor-widget-wrap elementor-element-populated\">\n\t\t\t\t\t\t<div class=\"elementor-element elementor-element-e5aefc6 elementor-widget__width-initial elementor-widget elementor-widget-text-editor\" data-id=\"e5aefc6\" data-element_type=\"widget\" data-e-type=\"widget\" data-widget_type=\"text-editor.default\">\n\t\t\t\t<div class=\"elementor-widget-container\">\n\t\t\t\t\t\t\t\t\t<div><b>Director<\/b><\/div><div>Juan Cruz Gonz\u00e1lez Allonca<\/div><div><span style=\"font-size: 13.5px;text-align: var(--bs-body-text-align)\">Es abogado por la Universidad de Buenos Aires (UBA), especializado en derecho espacial y mag\u00edster en Ingenier\u00eda de Sistemas de Informaci\u00f3n por la Universidad Tecnol\u00f3gica Nacional (UTN). En la actualidad, se desempe\u00f1a como miembro del directorio de la Comisi\u00f3n Nacional de Actividades Espaciales (CONAE) y vicepresidente de la empresa estatal VENG. A su vez, es docente de la Universidad Nacional de La Plata (UNLP) y de distintos posgrados. Tambi\u00e9n es orador TEDx y colaborador en distintas publicaciones nacionales e internacionales con art\u00edculos de divulgaci\u00f3n relacionados al derecho y la pol\u00edtica espacial.<\/span><\/div>\t\t\t\t\t\t\t\t<\/div>\n\t\t\t\t<\/div>\n\t\t\t\t\t<\/div>\n\t\t<\/div>\n\t\t\t\t\t<\/div>\n\t\t<\/section>\n\t\t\t\t<section class=\"elementor-section elementor-top-section elementor-element elementor-element-c54c37f elementor-section-boxed elementor-section-height-default elementor-section-height-default\" data-id=\"c54c37f\" data-element_type=\"section\" data-e-type=\"section\">\n\t\t\t\t\t\t<div class=\"elementor-container elementor-column-gap-default\">\n\t\t\t\t\t<div class=\"elementor-column elementor-col-100 elementor-top-column elementor-element elementor-element-82fa293\" data-id=\"82fa293\" data-element_type=\"column\" data-e-type=\"column\">\n\t\t\t<div class=\"elementor-widget-wrap elementor-element-populated\">\n\t\t\t\t\t\t<div class=\"elementor-element elementor-element-c6befb6 elementor-widget elementor-widget-spacer\" data-id=\"c6befb6\" data-element_type=\"widget\" data-e-type=\"widget\" data-widget_type=\"spacer.default\">\n\t\t\t\t<div class=\"elementor-widget-container\">\n\t\t\t\t\t\t\t<div class=\"elementor-spacer\">\n\t\t\t<div class=\"elementor-spacer-inner\"><\/div>\n\t\t<\/div>\n\t\t\t\t\t\t<\/div>\n\t\t\t\t<\/div>\n\t\t\t\t\t<\/div>\n\t\t<\/div>\n\t\t\t\t\t<\/div>\n\t\t<\/section>\n\t\t\t\t<section class=\"elementor-section elementor-top-section elementor-element elementor-element-b8be1d5 elementor-section-boxed elementor-section-height-default elementor-section-height-default\" data-id=\"b8be1d5\" data-element_type=\"section\" data-e-type=\"section\">\n\t\t\t\t\t\t<div class=\"elementor-container elementor-column-gap-default\">\n\t\t\t\t\t<div class=\"elementor-column elementor-col-50 elementor-top-column elementor-element elementor-element-e16d8f0\" data-id=\"e16d8f0\" data-element_type=\"column\" data-e-type=\"column\">\n\t\t\t<div class=\"elementor-widget-wrap elementor-element-populated\">\n\t\t\t\t\t\t<div class=\"elementor-element elementor-element-fdd65b7 elementor-widget elementor-widget-image\" data-id=\"fdd65b7\" data-element_type=\"widget\" data-e-type=\"widget\" data-widget_type=\"image.default\">\n\t\t\t\t<div class=\"elementor-widget-container\">\n\t\t\t\t\t\t\t\t\t\t\t\t\t\t\t<img decoding=\"async\" width=\"844\" height=\"800\" src=\"https:\/\/www.ciee.unlp.edu.ar\/wp-content\/uploads\/sites\/47\/2023\/09\/RABA1689-copy.jpg\" class=\"attachment-2048x2048 size-2048x2048 wp-image-1989\" alt=\"\" srcset=\"https:\/\/www.ciee.unlp.edu.ar\/wp-content\/uploads\/sites\/47\/2023\/09\/RABA1689-copy.jpg 844w, https:\/\/www.ciee.unlp.edu.ar\/wp-content\/uploads\/sites\/47\/2023\/09\/RABA1689-copy-300x284.jpg 300w, https:\/\/www.ciee.unlp.edu.ar\/wp-content\/uploads\/sites\/47\/2023\/09\/RABA1689-copy-768x728.jpg 768w\" sizes=\"(max-width: 844px) 100vw, 844px\" \/>\t\t\t\t\t\t\t\t\t\t\t\t\t\t\t<\/div>\n\t\t\t\t<\/div>\n\t\t\t\t\t<\/div>\n\t\t<\/div>\n\t\t\t\t<div class=\"elementor-column elementor-col-50 elementor-top-column elementor-element elementor-element-9ac1c49\" data-id=\"9ac1c49\" data-element_type=\"column\" data-e-type=\"column\">\n\t\t\t<div class=\"elementor-widget-wrap elementor-element-populated\">\n\t\t\t\t\t\t<div class=\"elementor-element elementor-element-5a23b89 elementor-widget__width-initial elementor-widget elementor-widget-text-editor\" data-id=\"5a23b89\" data-element_type=\"widget\" data-e-type=\"widget\" data-widget_type=\"text-editor.default\">\n\t\t\t\t<div class=\"elementor-widget-container\">\n\t\t\t\t\t\t\t\t\t<div><b>Subdirectora&nbsp;<\/b><\/div>\n<div>Sonia&nbsp;Botta<\/div>\n<div><span style=\"font-size: 14px;text-align: var(--bs-body-text-align)\">Es ingeniera aeron\u00e1utica por la Universidad Nacional de La Plata (UNLP) y magister en Sistemas de Exploraci\u00f3n Espacial por la Universidad de Leicester, Inglaterra. Se desempe\u00f1a como ingeniera de Sistemas del Centro Tecnol\u00f3gico Aeroespacial (CTA) de la Facultad de Ingenier\u00eda de la UNLP y coordinadora del Proyecto #Sat\u00e9liteUniversitario que busca llevar el primer nanosat\u00e9lite de la UNLP al espacio.&nbsp;<\/span><\/div>\t\t\t\t\t\t\t\t<\/div>\n\t\t\t\t<\/div>\n\t\t\t\t\t<\/div>\n\t\t<\/div>\n\t\t\t\t\t<\/div>\n\t\t<\/section>\n\t\t\t\t<section class=\"elementor-section elementor-top-section elementor-element elementor-element-11db163 elementor-section-boxed elementor-section-height-default elementor-section-height-default\" data-id=\"11db163\" data-element_type=\"section\" data-e-type=\"section\">\n\t\t\t\t\t\t<div class=\"elementor-container elementor-column-gap-default\">\n\t\t\t\t\t<div class=\"elementor-column elementor-col-100 elementor-top-column elementor-element elementor-element-d7b20e9\" data-id=\"d7b20e9\" data-element_type=\"column\" data-e-type=\"column\">\n\t\t\t<div class=\"elementor-widget-wrap elementor-element-populated\">\n\t\t\t\t\t\t<div class=\"elementor-element elementor-element-523a75c elementor-widget elementor-widget-spacer\" data-id=\"523a75c\" data-element_type=\"widget\" data-e-type=\"widget\" data-widget_type=\"spacer.default\">\n\t\t\t\t<div class=\"elementor-widget-container\">\n\t\t\t\t\t\t\t<div class=\"elementor-spacer\">\n\t\t\t<div class=\"elementor-spacer-inner\"><\/div>\n\t\t<\/div>\n\t\t\t\t\t\t<\/div>\n\t\t\t\t<\/div>\n\t\t\t\t\t<\/div>\n\t\t<\/div>\n\t\t\t\t\t<\/div>\n\t\t<\/section>\n\t\t\t\t<section class=\"elementor-section elementor-top-section elementor-element elementor-element-9ba064c elementor-section-boxed elementor-section-height-default elementor-section-height-default\" data-id=\"9ba064c\" data-element_type=\"section\" data-e-type=\"section\">\n\t\t\t\t\t\t<div class=\"elementor-container elementor-column-gap-default\">\n\t\t\t\t\t<div class=\"elementor-column elementor-col-100 elementor-top-column elementor-element elementor-element-4e96d55\" data-id=\"4e96d55\" data-element_type=\"column\" data-e-type=\"column\">\n\t\t\t<div class=\"elementor-widget-wrap elementor-element-populated\">\n\t\t\t\t\t\t<div class=\"elementor-element elementor-element-b42bd34 elementor-widget__width-initial elementor-widget elementor-widget-text-editor\" data-id=\"b42bd34\" data-element_type=\"widget\" data-e-type=\"widget\" data-widget_type=\"text-editor.default\">\n\t\t\t\t<div class=\"elementor-widget-container\">\n\t\t\t\t\t\t\t\t\t<p><b>CONSEJO ACAD\u00c9MICO<\/b><\/p><div><p><strong>Miembros Titulares<\/strong><\/p><\/div><p><span style=\"color: #333333;font-size: 15px;text-align: var(--bs-body-text-align)\">Mtra. Maria Lorena Capra (Canciller\u00eda-DIGAN)<\/span><\/p><p>Inga. Anabel Cisneros (ARSAT)<\/p><p>Dra.Carola Bianco (UNLP)<\/p><p>Dra. Carolina Catani (CONAE)<\/p><p>Dr. Mariano Rodr\u00edguez Capristo (CONAE)<\/p><p>Dr. Jorge Pablo Puig (UNLP)<\/p><p><strong>Miembros Suplentes<\/strong><\/p><p>Dra. Griselda Capaldo (CONICET)<\/p><p>Dr. Henoch Aguiar (Docente-Consultor)<\/p><p>Lic. Ra\u00fal Espi\u00f1o (CONAE)<\/p><p>Dr. Daniel Blinder (CONICET)<span style=\"color: #888888\"><br \/><\/span><\/p><p><span style=\"color: #888888\">\u00a0<\/span><\/p><p>\u00a0<\/p>\t\t\t\t\t\t\t\t<\/div>\n\t\t\t\t<\/div>\n\t\t\t\t\t<\/div>\n\t\t<\/div>\n\t\t\t\t\t<\/div>\n\t\t<\/section>\n\t\t\t\t<\/div>\n\t\t","protected":false},"excerpt":{"rendered":"<p>\/*! elementor &#8211; v3.16.0 &#8211; 13-09-2023 *\/ .elementor-widget-image{text-align:center}.elementor-widget-image a{display:inline-block}.elementor-widget-image a img[src$=\u00bb.svg\u00bb]{width:48px}.elementor-widget-image img{vertical-align:middle;display:inline-block} DirectorJuan Cruz Gonz\u00e1lez AlloncaEs abogado por la Universidad de Buenos Aires (UBA), especializado en derecho espacial y mag\u00edster en Ingenier\u00eda de Sistemas de Informaci\u00f3n por la Universidad Tecnol\u00f3gica Nacional (UTN). En la actualidad, se desempe\u00f1a como miembro del directorio de la Comisi\u00f3n Nacional [&hellip;]<\/p>\n","protected":false},"author":125,"featured_media":0,"parent":0,"menu_order":0,"comment_status":"closed","ping_status":"closed","template":"","meta":{"footnotes":""},"class_list":["post-57","page","type-page","status-publish","hentry","entry"],"aioseo_notices":[],"_links":{"self":[{"href":"https:\/\/www.ciee.unlp.edu.ar\/index.php?rest_route=\/wp\/v2\/pages\/57","targetHints":{"allow":["GET"]}}],"collection":[{"href":"https:\/\/www.ciee.unlp.edu.ar\/index.php?rest_route=\/wp\/v2\/pages"}],"about":[{"href":"https:\/\/www.ciee.unlp.edu.ar\/index.php?rest_route=\/wp\/v2\/types\/page"}],"author":[{"embeddable":true,"href":"https:\/\/www.ciee.unlp.edu.ar\/index.php?rest_route=\/wp\/v2\/users\/125"}],"replies":[{"embeddable":true,"href":"https:\/\/www.ciee.unlp.edu.ar\/index.php?rest_route=%2Fwp%2Fv2%2Fcomments&post=57"}],"version-history":[{"count":70,"href":"https:\/\/www.ciee.unlp.edu.ar\/index.php?rest_route=\/wp\/v2\/pages\/57\/revisions"}],"predecessor-version":[{"id":2260,"href":"https:\/\/www.ciee.unlp.edu.ar\/index.php?rest_route=\/wp\/v2\/pages\/57\/revisions\/2260"}],"wp:attachment":[{"href":"https:\/\/www.ciee.unlp.edu.ar\/index.php?rest_route=%2Fwp%2Fv2%2Fmedia&parent=57"}],"curies":[{"name":"wp","href":"https:\/\/api.w.org\/{rel}","templated":true}]}}